{"id":40527,"date":"2025-06-19T20:48:16","date_gmt":"2025-06-19T20:48:16","guid":{"rendered":"https:\/\/iglesiadelourdes.com\/?page_id=40527"},"modified":"2026-02-07T04:37:49","modified_gmt":"2026-02-07T04:37:49","slug":"pastoraldeladultomayor","status":"publish","type":"page","link":"https:\/\/iglesiadelourdes.com\/index.php\/pastoraldeladultomayor\/","title":{"rendered":"Pastoral del Adulto Mayor"},"content":{"rendered":"\t\t<div data-elementor-type=\"wp-page\" data-elementor-id=\"40527\" class=\"elementor elementor-40527\" data-elementor-post-type=\"page\">\n\t\t\t\t<div class=\"elementor-element elementor-element-4b3d3bc e-flex e-con-boxed cmsmasters-bg-hide-none cmsmasters-bg-hide-none cmsmasters-block-default e-con e-parent\" data-id=\"4b3d3bc\" data-element_type=\"container\" data-e-type=\"container\" data-settings=\"{&quot;background_background&quot;:&quot;classic&quot;}\">\n\t\t\t\t\t<div class=\"e-con-inner\">\n\t\t\t\t<div class=\"elementor-element elementor-element-234990d cmsmasters-block-default cmsmasters-sticky-default elementor-widget elementor-widget-heading\" data-id=\"234990d\" data-element_type=\"widget\" data-e-type=\"widget\" data-widget_type=\"heading.default\">\n\t\t\t\t<div class=\"elementor-widget-container\">\n\t\t\t\t\t<h2 class=\"elementor-heading-title elementor-size-default\">PASTORAL ADULTO MAYOR<\/h2>\t\t\t\t<\/div>\n\t\t\t\t<\/div>\n\t\t\t\t\t<\/div>\n\t\t\t\t<\/div>\n\t\t<div class=\"elementor-element elementor-element-1d01d2c e-flex e-con-boxed cmsmasters-block-default e-con e-parent\" data-id=\"1d01d2c\" data-element_type=\"container\" data-e-type=\"container\">\n\t\t\t\t\t<div class=\"e-con-inner\">\n\t\t<div class=\"elementor-element elementor-element-1c942ae e-con-full e-flex cmsmasters-block-default e-con e-child\" data-id=\"1c942ae\" data-element_type=\"container\" data-e-type=\"container\">\n\t\t<div class=\"elementor-element elementor-element-5a62d93 e-con-full e-flex cmsmasters-block-default e-con e-child\" data-id=\"5a62d93\" data-element_type=\"container\" data-e-type=\"container\">\n\t\t\t\t<div class=\"elementor-element elementor-element-44c98c05 elementor-widget__width-initial animated-slow elementor-widget-divider--view-line_text elementor-widget-divider--element-align-left elementor-widget-mobile__width-inherit cmsmasters-block-default cmsmasters-sticky-default elementor-invisible elementor-widget elementor-widget-divider\" data-id=\"44c98c05\" data-element_type=\"widget\" data-e-type=\"widget\" data-settings=\"{&quot;_animation&quot;:&quot;fadeIn&quot;,&quot;_animation_delay&quot;:&quot;200&quot;}\" data-widget_type=\"divider.default\">\n\t\t\t\t<div class=\"elementor-widget-container\">\n\t\t\t\t\t\t\t<div class=\"elementor-divider\">\n\t\t\t<span class=\"elementor-divider-separator\">\n\t\t\t\t\t\t\t<span class=\"elementor-divider__text elementor-divider__element\">\n\t\t\t\t03\t\t\t\t<\/span>\n\t\t\t\t\t\t<\/span>\n\t\t<\/div>\n\t\t\t\t\t\t<\/div>\n\t\t\t\t<\/div>\n\t\t\t\t<div class=\"elementor-element elementor-element-54c34050 cmsmasters-block-default cmsmasters-sticky-default elementor-invisible elementor-widget elementor-widget-icon-box\" data-id=\"54c34050\" data-element_type=\"widget\" data-e-type=\"widget\" data-settings=\"{&quot;_animation&quot;:&quot;fadeInUp&quot;}\" data-widget_type=\"icon-box.default\">\n\t\t\t\t<div class=\"elementor-widget-container\">\n\t\t\t\t\t\t\t<div class=\"elementor-icon-box-wrapper\">\n\n\t\t\t\n\t\t\t\t\t\t<div class=\"elementor-icon-box-content\">\n\n\t\t\t\t\t\t\t\t\t<h3 class=\"elementor-icon-box-title\">\n\t\t\t\t\t\t<span  >\n\t\t\t\t\t\t\tSolidaria\t\t\t\t\t\t<\/span>\n\t\t\t\t\t<\/h3>\n\t\t\t\t\n\t\t\t\t\t\t\t\t\t<p class=\"elementor-icon-box-description\">\n\t\t\t\t\t\tLa Pastoral del Adulto Mayor tambi\u00e9n se preocupa por la calidad de vida f\u00edsica de los mayores, por lo que promueve actividades recreativas y de esparcimiento, como ejercicios suaves, juegos y eventos culturales. Adem\u00e1s, fomenta el acompa\u00f1amiento intergeneracional, alentando a los j\u00f3venes y a las familias a compartir tiempo y experiencias con los mayores, creando lazos de apoyo y cari\u00f1o.\n\t\t\t\t\t<\/p>\n\t\t\t\t\n\t\t\t<\/div>\n\t\t\t\n\t\t<\/div>\n\t\t\t\t\t\t<\/div>\n\t\t\t\t<\/div>\n\t\t\t\t<\/div>\n\t\t\t\t<\/div>\n\t\t<div class=\"elementor-element elementor-element-1ec2ea3 e-con-full e-flex cmsmasters-block-default e-con e-child\" data-id=\"1ec2ea3\" data-element_type=\"container\" data-e-type=\"container\">\n\t\t<div class=\"elementor-element elementor-element-02f48ec e-con-full e-flex cmsmasters-block-default e-con e-child\" data-id=\"02f48ec\" data-element_type=\"container\" data-e-type=\"container\">\n\t\t\t\t<div class=\"elementor-element elementor-element-85de0d5 elementor-widget__width-initial animated-slow elementor-widget-divider--view-line_text elementor-widget-divider--element-align-left elementor-widget-mobile__width-inherit cmsmasters-block-default cmsmasters-sticky-default elementor-invisible elementor-widget elementor-widget-divider\" data-id=\"85de0d5\" data-element_type=\"widget\" data-e-type=\"widget\" data-settings=\"{&quot;_animation&quot;:&quot;fadeIn&quot;,&quot;_animation_delay&quot;:&quot;200&quot;}\" data-widget_type=\"divider.default\">\n\t\t\t\t<div class=\"elementor-widget-container\">\n\t\t\t\t\t\t\t<div class=\"elementor-divider\">\n\t\t\t<span class=\"elementor-divider-separator\">\n\t\t\t\t\t\t\t<span class=\"elementor-divider__text elementor-divider__element\">\n\t\t\t\t04\t\t\t\t<\/span>\n\t\t\t\t\t\t<\/span>\n\t\t<\/div>\n\t\t\t\t\t\t<\/div>\n\t\t\t\t<\/div>\n\t\t\t\t<div class=\"elementor-element elementor-element-2085f46 cmsmasters-block-default cmsmasters-sticky-default elementor-invisible elementor-widget elementor-widget-icon-box\" data-id=\"2085f46\" data-element_type=\"widget\" data-e-type=\"widget\" data-settings=\"{&quot;_animation&quot;:&quot;fadeInUp&quot;}\" data-widget_type=\"icon-box.default\">\n\t\t\t\t<div class=\"elementor-widget-container\">\n\t\t\t\t\t\t\t<div class=\"elementor-icon-box-wrapper\">\n\n\t\t\t\n\t\t\t\t\t\t<div class=\"elementor-icon-box-content\">\n\n\t\t\t\t\t\t\t\t\t<h3 class=\"elementor-icon-box-title\">\n\t\t\t\t\t\t<span  >\n\t\t\t\t\t\t\tCon la comunidad\t\t\t\t\t\t<\/span>\n\t\t\t\t\t<\/h3>\n\t\t\t\t\n\t\t\t\t\t\t\t\t\t<p class=\"elementor-icon-box-description\">\n\t\t\t\t\t\tEn este sentido, la Pastoral del Adulto Mayor no solo atiende a las necesidades materiales y espirituales de los adultos mayores, sino que tambi\u00e9n los valora como miembros activos y esenciales de la comunidad. Busca dignificar su vida, ofrecerles consuelo en los momentos dif\u00edciles y ayudarlos a mantener una conexi\u00f3n viva con su fe, brind\u00e1ndoles la certeza de que siempre son amados por Dios y por la Iglesia.\n\n\t\t\t\t\t<\/p>\n\t\t\t\t\n\t\t\t<\/div>\n\t\t\t\n\t\t<\/div>\n\t\t\t\t\t\t<\/div>\n\t\t\t\t<\/div>\n\t\t\t\t<\/div>\n\t\t\t\t<\/div>\n\t\t\t\t\t<\/div>\n\t\t\t\t<\/div>\n\t\t<div class=\"elementor-element elementor-element-4e834eab e-grid e-con-boxed cmsmasters-block-default e-con e-parent\" data-id=\"4e834eab\" data-element_type=\"container\" data-e-type=\"container\" data-settings=\"{&quot;background_background&quot;:&quot;classic&quot;}\">\n\t\t\t\t\t<div class=\"e-con-inner\">\n\t\t<div class=\"elementor-element elementor-element-1f5f5208 e-con-full e-flex cmsmasters-block-default e-con e-child\" data-id=\"1f5f5208\" data-element_type=\"container\" data-e-type=\"container\">\n\t\t\t\t<div class=\"elementor-element elementor-element-897fb8f cmsmasters-block-default cmsmasters-sticky-default elementor-widget elementor-widget-image\" data-id=\"897fb8f\" data-element_type=\"widget\" data-e-type=\"widget\" data-widget_type=\"image.default\">\n\t\t\t\t<div class=\"elementor-widget-container\">\n\t\t\t\t\t\t\t\t\t\t\t\t\t\t\t<img fetchpriority=\"high\" decoding=\"async\" width=\"768\" height=\"512\" src=\"https:\/\/iglesiadelourdes.com\/wp-content\/uploads\/2025\/06\/adultos-mayores-768x512.png\" class=\"attachment-medium_large size-medium_large wp-image-40533\" alt=\"\" srcset=\"https:\/\/iglesiadelourdes.com\/wp-content\/uploads\/2025\/06\/adultos-mayores-768x512.png 768w, https:\/\/iglesiadelourdes.com\/wp-content\/uploads\/2025\/06\/adultos-mayores-300x200.png 300w, https:\/\/iglesiadelourdes.com\/wp-content\/uploads\/2025\/06\/adultos-mayores-1024x683.png 1024w, https:\/\/iglesiadelourdes.com\/wp-content\/uploads\/2025\/06\/adultos-mayores-450x300.png 450w, https:\/\/iglesiadelourdes.com\/wp-content\/uploads\/2025\/06\/adultos-mayores-600x400.png 600w, https:\/\/iglesiadelourdes.com\/wp-content\/uploads\/2025\/06\/adultos-mayores.png 1536w\" sizes=\"(max-width: 768px) 100vw, 768px\" \/>\t\t\t\t\t\t\t\t\t\t\t\t\t\t\t<\/div>\n\t\t\t\t<\/div>\n\t\t\t\t<\/div>\n\t\t<div class=\"elementor-element elementor-element-76fb2fb4 e-con-full e-flex cmsmasters-block-default e-con e-child\" data-id=\"76fb2fb4\" data-element_type=\"container\" data-e-type=\"container\">\n\t\t<div class=\"elementor-element elementor-element-4bc9b17b e-con-full e-flex cmsmasters-block-default e-con e-child\" data-id=\"4bc9b17b\" data-element_type=\"container\" data-e-type=\"container\">\n\t\t\t\t<div class=\"elementor-element elementor-element-1197cd77 cmsmasters-block-default cmsmasters-sticky-default elementor-widget elementor-widget-heading\" data-id=\"1197cd77\" data-element_type=\"widget\" data-e-type=\"widget\" data-widget_type=\"heading.default\">\n\t\t\t\t<div class=\"elementor-widget-container\">\n\t\t\t\t\t<div class=\"elementor-heading-title elementor-size-default\">LA LABOR DE LA PASTORAL DEL ADULTO MAYOR<\/div>\t\t\t\t<\/div>\n\t\t\t\t<\/div>\n\t\t<div class=\"elementor-element elementor-element-5d27aa65 e-con-full e-flex cmsmasters-block-default e-con e-child\" data-id=\"5d27aa65\" data-element_type=\"container\" data-e-type=\"container\">\n\t\t<div class=\"elementor-element elementor-element-fc734cf e-con-full e-flex cmsmasters-block-default e-con e-child\" data-id=\"fc734cf\" data-element_type=\"container\" data-e-type=\"container\">\n\t\t\t\t<div class=\"elementor-element elementor-element-0f54048 cmsmasters-block-default cmsmasters-sticky-default elementor-widget elementor-widget-heading\" data-id=\"0f54048\" data-element_type=\"widget\" data-e-type=\"widget\" data-widget_type=\"heading.default\">\n\t\t\t\t<div class=\"elementor-widget-container\">\n\t\t\t\t\t<h4 class=\"elementor-heading-title elementor-size-default\">Misi\u00f3n<\/h4>\t\t\t\t<\/div>\n\t\t\t\t<\/div>\n\t\t\t\t<\/div>\n\t\t\t\t<div class=\"elementor-element elementor-element-4fce8b3 cmsmasters-block-default cmsmasters-sticky-default elementor-widget elementor-widget-text-editor\" data-id=\"4fce8b3\" data-element_type=\"widget\" data-e-type=\"widget\" data-widget_type=\"text-editor.default\">\n\t\t\t\t<div class=\"elementor-widget-container\">\n\t\t\t\t\t\t\t\t\t<p>La Pastoral del Adulto Mayor en una parroquia tiene como finalidad acompa\u00f1ar y apoyar a las personas mayores, reconociendo su valor y dignidad dentro de la comunidad cristiana. Se enfoca en promover su participaci\u00f3n activa en la vida de la Iglesia, fortalecer su fe, y brindarles espacios donde se sientan escuchados, queridos y respetados. Esta pastoral busca que los adultos mayores encuentren un sentido de pertenencia, reconociendo que son una fuente de sabidur\u00eda y experiencia para toda la comunidad.<\/p>\t\t\t\t\t\t\t\t<\/div>\n\t\t\t\t<\/div>\n\t\t\t\t<\/div>\n\t\t\t\t<\/div>\n\t\t\t\t<\/div>\n\t\t\t\t\t<\/div>\n\t\t\t\t<\/div>\n\t\t<div class=\"elementor-element elementor-element-4dcb925d e-grid e-con-boxed cmsmasters-block-default e-con e-parent\" data-id=\"4dcb925d\" data-element_type=\"container\" data-e-type=\"container\" data-settings=\"{&quot;background_background&quot;:&quot;classic&quot;}\">\n\t\t\t\t\t<div class=\"e-con-inner\">\n\t\t<div class=\"elementor-element elementor-element-1327d948 e-con-full e-flex cmsmasters-block-default e-con e-child\" data-id=\"1327d948\" data-element_type=\"container\" data-e-type=\"container\">\n\t\t\t\t<div class=\"elementor-element elementor-element-713126e7 cmsmasters-block-default cmsmasters-sticky-default elementor-widget elementor-widget-text-editor\" data-id=\"713126e7\" data-element_type=\"widget\" data-e-type=\"widget\" data-widget_type=\"text-editor.default\">\n\t\t\t\t<div class=\"elementor-widget-container\">\n\t\t\t\t\t\t\t\t\t<p style=\"text-align: justify;\">Entre las actividades que organiza la Pastoral del Adulto Mayor se incluyen encuentros de oraci\u00f3n, talleres de formaci\u00f3n espiritual, visitas a quienes se encuentran solos o enfermos, y celebraciones especiales que conmemoran etapas importantes en la vida de los adultos mayores. Estas actividades tienen como prop\u00f3sito no solo cuidar su bienestar espiritual, sino tambi\u00e9n proporcionarles apoyo emocional y social, creando un ambiente de comunidad y fraternidad.<\/p>\t\t\t\t\t\t\t\t<\/div>\n\t\t\t\t<\/div>\n\t\t\t\t<\/div>\n\t\t<div class=\"elementor-element elementor-element-240f4997 e-con-full e-flex cmsmasters-block-default e-con e-child\" data-id=\"240f4997\" data-element_type=\"container\" data-e-type=\"container\">\n\t\t\t\t<div class=\"elementor-element elementor-element-3f28f24b cmsmasters-block-default cmsmasters-sticky-default elementor-widget elementor-widget-image\" data-id=\"3f28f24b\" data-element_type=\"widget\" data-e-type=\"widget\" data-widget_type=\"image.default\">\n\t\t\t\t<div class=\"elementor-widget-container\">\n\t\t\t\t\t\t\t\t\t\t\t\t\t\t\t<img decoding=\"async\" width=\"1024\" height=\"683\" src=\"https:\/\/iglesiadelourdes.com\/wp-content\/uploads\/2025\/05\/Past-adulto-mayor3-1-1024x683.png\" class=\"attachment-large size-large wp-image-40357\" alt=\"\" srcset=\"https:\/\/iglesiadelourdes.com\/wp-content\/uploads\/2025\/05\/Past-adulto-mayor3-1-1024x683.png 1024w, https:\/\/iglesiadelourdes.com\/wp-content\/uploads\/2025\/05\/Past-adulto-mayor3-1-300x200.png 300w, https:\/\/iglesiadelourdes.com\/wp-content\/uploads\/2025\/05\/Past-adulto-mayor3-1-768x512.png 768w, https:\/\/iglesiadelourdes.com\/wp-content\/uploads\/2025\/05\/Past-adulto-mayor3-1-450x300.png 450w, https:\/\/iglesiadelourdes.com\/wp-content\/uploads\/2025\/05\/Past-adulto-mayor3-1-600x400.png 600w, https:\/\/iglesiadelourdes.com\/wp-content\/uploads\/2025\/05\/Past-adulto-mayor3-1.png 1536w\" sizes=\"(max-width: 1024px) 100vw, 1024px\" \/>\t\t\t\t\t\t\t\t\t\t\t\t\t\t\t<\/div>\n\t\t\t\t<\/div>\n\t\t\t\t<\/div>\n\t\t\t\t\t<\/div>\n\t\t\t\t<\/div>\n\t\t<div class=\"elementor-element elementor-element-2523945d e-grid e-con-boxed cmsmasters-block-default e-con e-parent\" data-id=\"2523945d\" data-element_type=\"container\" data-e-type=\"container\" data-settings=\"{&quot;background_background&quot;:&quot;classic&quot;}\">\n\t\t\t\t\t<div class=\"e-con-inner\">\n\t\t<div class=\"elementor-element elementor-element-74651283 e-con-full e-flex cmsmasters-block-default e-con e-child\" data-id=\"74651283\" data-element_type=\"container\" data-e-type=\"container\">\n\t\t\t\t<div class=\"elementor-element elementor-element-3a8d8f75 cmsmasters-block-default cmsmasters-sticky-default elementor-widget elementor-widget-text-editor\" data-id=\"3a8d8f75\" data-element_type=\"widget\" data-e-type=\"widget\" data-widget_type=\"text-editor.default\">\n\t\t\t\t<div class=\"elementor-widget-container\">\n\t\t\t\t\t\t\t\t\t<p>La Pastoral del Adulto Mayor tambi\u00e9n se preocupa por la calidad de vida f\u00edsica de los mayores, por lo que promueve actividades recreativas y de esparcimiento, como ejercicios suaves, juegos y eventos culturales. Adem\u00e1s, fomenta el acompa\u00f1amiento intergeneracional, alentando a los j\u00f3venes y a las familias a compartir tiempo y experiencias con los mayores, creando lazos de apoyo y cari\u00f1o.<\/p>\t\t\t\t\t\t\t\t<\/div>\n\t\t\t\t<\/div>\n\t\t\t\t<div class=\"elementor-element elementor-element-7c714172 elementor-align-center cmsmasters-block-default cmsmasters-sticky-default elementor-widget elementor-widget-button\" data-id=\"7c714172\" data-element_type=\"widget\" data-e-type=\"widget\" data-widget_type=\"button.default\">\n\t\t\t\t<div class=\"elementor-widget-container\">\n\t\t\t\t\t\t\t\t\t<div class=\"elementor-button-wrapper\">\n\t\t\t\t\t<a class=\"elementor-button elementor-button-link elementor-size-sm elementor-animation-grow\" href=\"#\">\n\t\t\t\t\t\t<span class=\"elementor-button-content-wrapper\">\n\t\t\t\t\t\t\t\t\t<span class=\"elementor-button-text\">\u00bfEstas interesado en  servir? Dale click<\/span>\n\t\t\t\t\t<\/span>\n\t\t\t\t\t<\/a>\n\t\t\t\t<\/div>\n\t\t\t\t\t\t\t\t<\/div>\n\t\t\t\t<\/div>\n\t\t<div class=\"elementor-element elementor-element-68c784b e-con-full e-flex cmsmasters-block-default e-con e-child\" data-id=\"68c784b\" data-element_type=\"container\" data-e-type=\"container\" data-settings=\"{&quot;background_background&quot;:&quot;classic&quot;}\">\n\t\t\t\t<div class=\"elementor-element elementor-element-11e24475 cmsmasters-block-default cmsmasters-sticky-default elementor-widget elementor-widget-image\" data-id=\"11e24475\" data-element_type=\"widget\" data-e-type=\"widget\" data-widget_type=\"image.default\">\n\t\t\t\t<div class=\"elementor-widget-container\">\n\t\t\t\t\t\t\t\t\t\t\t\t\t\t\t<img decoding=\"async\" width=\"150\" height=\"150\" src=\"https:\/\/iglesiadelourdes.com\/wp-content\/uploads\/2025\/10\/cruz-1-150x150.png\" class=\"attachment-thumbnail size-thumbnail wp-image-41067\" alt=\"\" srcset=\"https:\/\/iglesiadelourdes.com\/wp-content\/uploads\/2025\/10\/cruz-1-150x150.png 150w, https:\/\/iglesiadelourdes.com\/wp-content\/uploads\/2025\/10\/cruz-1-300x300.png 300w, https:\/\/iglesiadelourdes.com\/wp-content\/uploads\/2025\/10\/cruz-1-260x260.png 260w, https:\/\/iglesiadelourdes.com\/wp-content\/uploads\/2025\/10\/cruz-1-100x100.png 100w, https:\/\/iglesiadelourdes.com\/wp-content\/uploads\/2025\/10\/cruz-1.png 500w\" sizes=\"(max-width: 150px) 100vw, 150px\" \/>\t\t\t\t\t\t\t\t\t\t\t\t\t\t\t<\/div>\n\t\t\t\t<\/div>\n\t\t\t\t<\/div>\n\t\t\t\t<\/div>\n\t\t<div class=\"elementor-element elementor-element-6737767a e-con-full e-flex cmsmasters-block-default e-con e-child\" data-id=\"6737767a\" data-element_type=\"container\" data-e-type=\"container\">\n\t\t\t\t<div class=\"elementor-element elementor-element-9f7c1a0 cmsmasters-block-default cmsmasters-sticky-default elementor-widget elementor-widget-image\" data-id=\"9f7c1a0\" data-element_type=\"widget\" data-e-type=\"widget\" data-widget_type=\"image.default\">\n\t\t\t\t<div class=\"elementor-widget-container\">\n\t\t\t\t\t\t\t\t\t\t\t\t\t\t\t<img loading=\"lazy\" decoding=\"async\" width=\"768\" height=\"768\" src=\"https:\/\/iglesiadelourdes.com\/wp-content\/uploads\/2025\/10\/imagen-pastoral-com-768x768.png\" class=\"attachment-medium_large size-medium_large wp-image-41053\" alt=\"\" srcset=\"https:\/\/iglesiadelourdes.com\/wp-content\/uploads\/2025\/10\/imagen-pastoral-com-768x768.png 768w, https:\/\/iglesiadelourdes.com\/wp-content\/uploads\/2025\/10\/imagen-pastoral-com-300x300.png 300w, https:\/\/iglesiadelourdes.com\/wp-content\/uploads\/2025\/10\/imagen-pastoral-com-150x150.png 150w, https:\/\/iglesiadelourdes.com\/wp-content\/uploads\/2025\/10\/imagen-pastoral-com-260x260.png 260w, https:\/\/iglesiadelourdes.com\/wp-content\/uploads\/2025\/10\/imagen-pastoral-com-600x600.png 600w, https:\/\/iglesiadelourdes.com\/wp-content\/uploads\/2025\/10\/imagen-pastoral-com-100x100.png 100w, https:\/\/iglesiadelourdes.com\/wp-content\/uploads\/2025\/10\/imagen-pastoral-com.png 1024w\" sizes=\"(max-width: 768px) 100vw, 768px\" \/>\t\t\t\t\t\t\t\t\t\t\t\t\t\t\t<\/div>\n\t\t\t\t<\/div>\n\t\t\t\t<\/div>\n\t\t\t\t\t<\/div>\n\t\t\t\t<\/div>\n\t\t\t\t<\/div>\n\t\t","protected":false},"excerpt":{"rendered":"<p>PASTORAL ADULTO MAYOR 03 Solidaria La Pastoral del Adulto Mayor tambi\u00e9n se preocupa por la calidad de vida f\u00edsica de los mayores, por lo que promueve actividades recreativas y de&#8230;<\/p>\n","protected":false},"author":1,"featured_media":0,"parent":0,"menu_order":0,"comment_status":"closed","ping_status":"closed","template":"","meta":{"_acf_changed":false,"give_campaign_id":0,"footnotes":""},"class_list":["post-40527","page","type-page","status-publish","hentry"],"acf":[],"campaignId":"","_links":{"self":[{"href":"https:\/\/iglesiadelourdes.com\/index.php\/wp-json\/wp\/v2\/pages\/40527","targetHints":{"allow":["GET"]}}],"collection":[{"href":"https:\/\/iglesiadelourdes.com\/index.php\/wp-json\/wp\/v2\/pages"}],"about":[{"href":"https:\/\/iglesiadelourdes.com\/index.php\/wp-json\/wp\/v2\/types\/page"}],"author":[{"embeddable":true,"href":"https:\/\/iglesiadelourdes.com\/index.php\/wp-json\/wp\/v2\/users\/1"}],"replies":[{"embeddable":true,"href":"https:\/\/iglesiadelourdes.com\/index.php\/wp-json\/wp\/v2\/comments?post=40527"}],"version-history":[{"count":22,"href":"https:\/\/iglesiadelourdes.com\/index.php\/wp-json\/wp\/v2\/pages\/40527\/revisions"}],"predecessor-version":[{"id":41496,"href":"https:\/\/iglesiadelourdes.com\/index.php\/wp-json\/wp\/v2\/pages\/40527\/revisions\/41496"}],"wp:attachment":[{"href":"https:\/\/iglesiadelourdes.com\/index.php\/wp-json\/wp\/v2\/media?parent=40527"}],"curies":[{"name":"wp","href":"https:\/\/api.w.org\/{rel}","templated":true}]}}